{"id":7736,"date":"2020-12-01T16:52:17","date_gmt":"2020-12-01T14:52:17","guid":{"rendered":"https:\/\/bottegaligure.it\/?post_type=product&#038;p=7736"},"modified":"2022-02-10T16:52:39","modified_gmt":"2022-02-10T14:52:39","slug":"crema-rum-250g-dolcezze-di-paganini","status":"publish","type":"product","link":"https:\/\/bottegaligure.it\/en\/prodotto\/crema-rum-250g-dolcezze-di-paganini\/","title":{"rendered":"Crema Rum 250g Dolcezze di Paganini"},"content":{"rendered":"<p>Questa crema \u00e8 perfetta per farcire dolci e torte, ideale per un break gustoso e di alta qualit\u00e0. Indimenticabile il caff\u00e8 con un cucchiaino di crema al Rum. Per gli amanti dei gusti forti!<\/p>\n","protected":false},"excerpt":{"rendered":"<p>Questa crema \u00e8 perfetta per farcire dolci e torte, ideale per un break gustoso e di alta qualit\u00e0. Indimenticabile il caff\u00e8 con un cucchiaino di crema al Rum. Per gli amanti dei gusti forti!<\/p>\n","protected":false},"featured_media":8216,"comment_status":"closed","ping_status":"closed","template":"","meta":[],"pwb-brand":[],"product_cat":[316],"product_tag":[477],"brands":[],"_links":{"self":[{"href":"https:\/\/bottegaligure.it\/en\/wp-json\/wp\/v2\/product\/7736"}],"collection":[{"href":"https:\/\/bottegaligure.it\/en\/wp-json\/wp\/v2\/product"}],"about":[{"href":"https:\/\/bottegaligure.it\/en\/wp-json\/wp\/v2\/types\/product"}],"replies":[{"embeddable":true,"href":"https:\/\/bottegaligure.it\/en\/wp-json\/wp\/v2\/comments?post=7736"}],"version-history":[{"count":2,"href":"https:\/\/bottegaligure.it\/en\/wp-json\/wp\/v2\/product\/7736\/revisions"}],"predecessor-version":[{"id":15703,"href":"https:\/\/bottegaligure.it\/en\/wp-json\/wp\/v2\/product\/7736\/revisions\/15703"}],"wp:featuredmedia":[{"embeddable":true,"href":"https:\/\/bottegaligure.it\/en\/wp-json\/wp\/v2\/media\/8216"}],"wp:attachment":[{"href":"https:\/\/bottegaligure.it\/en\/wp-json\/wp\/v2\/media?parent=7736"}],"wp:term":[{"taxonomy":"pwb-brand","embeddable":true,"href":"https:\/\/bottegaligure.it\/en\/wp-json\/wp\/v2\/pwb-brand?post=7736"},{"taxonomy":"product_cat","embeddable":true,"href":"https:\/\/bottegaligure.it\/en\/wp-json\/wp\/v2\/product_cat?post=7736"},{"taxonomy":"product_tag","embeddable":true,"href":"https:\/\/bottegaligure.it\/en\/wp-json\/wp\/v2\/product_tag?post=7736"}],"curies":[{"name":"wp","href":"https:\/\/api.w.org\/{rel}","templated":true}]}}